{"id":13,"date":"2018-08-17T16:38:57","date_gmt":"2018-08-17T16:38:57","guid":{"rendered":"http:\/\/stilobertoia.com\/?page_id=13"},"modified":"2018-10-09T22:13:39","modified_gmt":"2018-10-09T22:13:39","slug":"productos","status":"publish","type":"page","link":"https:\/\/stilobertoia.com\/index.php\/productos\/","title":{"rendered":"Productos"},"content":{"rendered":"<p>[et_pb_section fb_built=\u00bb1&#8243; _builder_version=\u00bb3.9&#8243; custom_padding=\u00bb30px|0px|0|0px|false|false\u00bb][et_pb_row _builder_version=\u00bb3.9&#8243;][et_pb_column type=\u00bb4_4&#8243; _builder_version=\u00bb3.9&#8243; parallax=\u00bboff\u00bb parallax_method=\u00bbon\u00bb][et_pb_text _builder_version=\u00bb3.12.2&#8243; header_font=\u00bb|700|||||||\u00bb header_text_color=\u00bbrgba(0,0,0,0.96)\u00bb header_font_size=\u00bb60px\u00bb]<\/p>\n<h1 style=\"text-align: center;\">PRODUCTOS<\/h1>\n<p>[\/et_pb_text][et_pb_divider color=\u00bb#e02b20&#8243; divider_weight=\u00bb6px\u00bb _builder_version=\u00bb3.12.2&#8243; max_width=\u00bb10%\u00bb module_alignment=\u00bbcenter\u00bb][\/et_pb_divider][\/et_pb_column][\/et_pb_row][\/et_pb_section][et_pb_section fb_built=\u00bb1&#8243; _builder_version=\u00bb3.9&#8243; custom_padding=\u00bb51px|0px|0|0px|false|false\u00bb][et_pb_row make_fullwidth=\u00bbon\u00bb custom_padding=\u00bb0|0px|0|0px|false|false\u00bb _builder_version=\u00bb3.9&#8243;][et_pb_column type=\u00bb1_2&#8243; _builder_version=\u00bb3.9&#8243; parallax=\u00bboff\u00bb parallax_method=\u00bbon\u00bb][et_pb_image src=\u00bbhttp:\/\/stilobertoia.com\/wp-content\/uploads\/2018\/08\/rustica-12.png\u00bb _builder_version=\u00bb3.9&#8243; max_width=\u00bb57%\u00bb module_alignment=\u00bbcenter\u00bb][\/et_pb_image][et_pb_text _builder_version=\u00bb3.12.2&#8243; text_font=\u00bb||||||||\u00bb text_text_color=\u00bb#ffffff\u00bb header_font=\u00bb||||||||\u00bb header_2_font=\u00bb|700|||||||\u00bb header_2_text_color=\u00bb#ffffff\u00bb header_3_font=\u00bb||||||||\u00bb background_color=\u00bb#c11b1b\u00bb max_width=\u00bb57%\u00bb module_alignment=\u00bbcenter\u00bb custom_padding=\u00bb10px|||\u00bb]<\/p>\n<h2 style=\"text-align: center;\">Baldosas Rusticas<\/h2>\n<p>[\/et_pb_text][\/et_pb_column][et_pb_column type=\u00bb1_2&#8243; _builder_version=\u00bb3.9&#8243; parallax=\u00bboff\u00bb parallax_method=\u00bbon\u00bb][et_pb_text _builder_version=\u00bb3.12.2&#8243; text_font=\u00bb|600|||||||\u00bb text_font_size=\u00bb18px\u00bb text_line_height=\u00bb1.5em\u00bb]<\/p>\n<p>Mosaicos producidos con variedad de formas y colores, con un acabado Rustico. Prensadas con cemento de alta calidad con lo que permite un soporte de alto transito desde autos hasta camiones.<\/p>\n<h5>Espesor: 3.5 cm<\/h5>\n<h5>Dimensiones: 40&#215;40 \/ 60&#215;40 \/ 30&#215;30 \/ 25&#215;25 \/ 20&#215;20<\/h5>\n<p>&nbsp;<\/p>\n<p>[\/et_pb_text][et_pb_gallery gallery_ids=\u00bb25,24,23,22,225,223,224&#8243; posts_number=\u00bb2&#8243; show_title_and_caption=\u00bboff\u00bb zoom_icon_color=\u00bb#E09900&#8243; hover_overlay_color=\u00bbrgba(255,255,255,0.61)\u00bb hover_icon=\u00bb%%51%%\u00bb _builder_version=\u00bb3.16&#8243; pagination_font=\u00bb||||||||\u00bb pagination_text_color=\u00bb#E09900&#8243;][\/et_pb_gallery][\/et_pb_column][\/et_pb_row][et_pb_row custom_padding=\u00bb28px|0px|0|0px|false|false\u00bb _builder_version=\u00bb3.9&#8243;][et_pb_column type=\u00bb4_4&#8243; _builder_version=\u00bb3.9&#8243; parallax=\u00bboff\u00bb parallax_method=\u00bbon\u00bb][et_pb_divider color=\u00bb#e02b20&#8243; divider_style=\u00bbdotted\u00bb divider_position=\u00bbcenter\u00bb divider_weight=\u00bb1px\u00bb height=\u00bb0px\u00bb _builder_version=\u00bb3.12.2&#8243;][\/et_pb_divider][\/et_pb_column][\/et_pb_row][\/et_pb_section][et_pb_section fb_built=\u00bb1&#8243; _builder_version=\u00bb3.9&#8243; custom_padding=\u00bb50px|0px|0|0px|false|false\u00bb][et_pb_row make_fullwidth=\u00bbon\u00bb custom_padding=\u00bb0|0px|0|0px|false|false\u00bb _builder_version=\u00bb3.9&#8243;][et_pb_column type=\u00bb1_2&#8243; _builder_version=\u00bb3.9&#8243; parallax=\u00bboff\u00bb parallax_method=\u00bbon\u00bb][et_pb_image src=\u00bbhttp:\/\/stilobertoia.com\/wp-content\/uploads\/2018\/10\/16-PANES-3.jpeg\u00bb _builder_version=\u00bb3.16&#8243; max_width=\u00bb57%\u00bb module_alignment=\u00bbcenter\u00bb][\/et_pb_image][et_pb_text _builder_version=\u00bb3.12.2&#8243; header_font=\u00bb||||||||\u00bb header_2_font=\u00bb|700|||||||\u00bb header_2_text_color=\u00bb#ffffff\u00bb background_color=\u00bb#c11b1b\u00bb max_width=\u00bb57%\u00bb module_alignment=\u00bbcenter\u00bb custom_padding=\u00bb10px|||\u00bb]<\/p>\n<h2 style=\"text-align: center;\">Baldosas Graniticas<\/h2>\n<p>[\/et_pb_text][\/et_pb_column][et_pb_column type=\u00bb1_2&#8243; _builder_version=\u00bb3.9&#8243; parallax=\u00bboff\u00bb parallax_method=\u00bbon\u00bb][et_pb_text _builder_version=\u00bb3.12.2&#8243; text_font=\u00bb|600|||||||\u00bb text_font_size=\u00bb18px\u00bb text_line_height=\u00bb1.5em\u00bb]<\/p>\n<p>Mosaicos producidos a molde con variedad de formas y colores, con un acabado Pulido y Moderno.<\/p>\n<p>Prensadas con mezcla de Piedras Graniticas Naturales de Primera con una ligera mezcla de cemento de alta calidad. Una vez fabricado el producto, se le realiza un trabajo final de Pulido para su terminaci\u00f3n Moderna.<\/p>\n<h5><\/h5>\n<h5><\/h5>\n<h5>Espesor: 3.5 cm<\/h5>\n<h5>Dimensiones: 40&#215;40 \/ 60&#215;40 \/ 30&#215;30 \/ 25&#215;25<\/h5>\n<p>[\/et_pb_text][et_pb_gallery gallery_ids=\u00bb238,242,243,252,251,250,249,248,247,246,245,244&#8243; posts_number=\u00bb2&#8243; show_title_and_caption=\u00bboff\u00bb zoom_icon_color=\u00bb#E09900&#8243; hover_overlay_color=\u00bbrgba(255,255,255,0.61)\u00bb hover_icon=\u00bb%%51%%\u00bb _builder_version=\u00bb3.16&#8243; pagination_font=\u00bb||||||||\u00bb pagination_text_color=\u00bb#E09900&#8243;][\/et_pb_gallery][\/et_pb_column][\/et_pb_row][et_pb_row custom_padding=\u00bb24px|0px|0|0px|false|false\u00bb _builder_version=\u00bb3.9&#8243;][et_pb_column type=\u00bb4_4&#8243; _builder_version=\u00bb3.9&#8243; parallax=\u00bboff\u00bb parallax_method=\u00bbon\u00bb][et_pb_divider color=\u00bb#e02b20&#8243; divider_style=\u00bbdotted\u00bb divider_position=\u00bbcenter\u00bb divider_weight=\u00bb1px\u00bb height=\u00bb0px\u00bb _builder_version=\u00bb3.12.2&#8243;][\/et_pb_divider][\/et_pb_column][\/et_pb_row][et_pb_row make_fullwidth=\u00bbon\u00bb custom_padding=\u00bb40px|0px|0|0px|false|false\u00bb _builder_version=\u00bb3.9&#8243;][et_pb_column type=\u00bb1_2&#8243; _builder_version=\u00bb3.9&#8243; parallax=\u00bboff\u00bb parallax_method=\u00bbon\u00bb][et_pb_image src=\u00bbhttp:\/\/stilobertoia.com\/wp-content\/uploads\/2018\/08\/granitica-cemento-blanco-1.png\u00bb _builder_version=\u00bb3.9&#8243; max_width=\u00bb57%\u00bb module_alignment=\u00bbcenter\u00bb][\/et_pb_image][et_pb_text _builder_version=\u00bb3.16&#8243; header_font=\u00bb||||||||\u00bb header_2_font=\u00bb|700|||||||\u00bb header_2_text_color=\u00bb#ffffff\u00bb background_color=\u00bb#c11b1b\u00bb max_width=\u00bb57%\u00bb module_alignment=\u00bbcenter\u00bb custom_padding=\u00bb10px|||\u00bb]<\/p>\n<h2 style=\"text-align: center;\">Baldosas Graniticas Especiales<\/h2>\n<p>[\/et_pb_text][\/et_pb_column][et_pb_column type=\u00bb1_2&#8243; _builder_version=\u00bb3.9&#8243; parallax=\u00bboff\u00bb parallax_method=\u00bbon\u00bb][et_pb_text _builder_version=\u00bb3.16&#8243; text_font=\u00bb|600|||||||\u00bb text_font_size=\u00bb18px\u00bb text_line_height=\u00bb1.5em\u00bb]<\/p>\n<p>Mosaicos producidos a molde con variedad de formas y colores, con un acabado Pulido y Moderno.<\/p>\n<p>Prensadas con mezcla de Piedras Graniticas Naturales de Primera con una ligera mezcla de cemento de alta calidad. Una vez fabricado el producto, se le realiza un trabajo final de Pulido para su terminaci\u00f3n Moderna.\u00a0<\/p>\n<p><span>A diferencia de las Gran\u00edticas Comunes estas poseen Materiales y<\/span><br \/><span>Piedras mas Especiales lo cual ofrece un acabado mucho m\u00e1s bello al<\/span><br \/><span>instante. Dentro de esta gama encontramos el color Blanco, Crema, Azul y<\/span><br \/><span>Verde.<\/span><\/p>\n<h5><\/h5>\n<h5><\/h5>\n<h5>Espesor: 3.5 cm<\/h5>\n<h5>Dimensiones: 40&#215;40 \/ 60&#215;40 \/ 30&#215;30 \/ 25&#215;25<\/h5>\n<p>[\/et_pb_text][et_pb_gallery gallery_ids=\u00bb21,42&#8243; posts_number=\u00bb2&#8243; show_title_and_caption=\u00bboff\u00bb zoom_icon_color=\u00bb#E09900&#8243; hover_overlay_color=\u00bbrgba(255,255,255,0.61)\u00bb hover_icon=\u00bb%%51%%\u00bb _builder_version=\u00bb3.9&#8243; pagination_font=\u00bb||||||||\u00bb pagination_text_color=\u00bb#E09900&#8243;][\/et_pb_gallery][\/et_pb_column][\/et_pb_row][et_pb_row custom_padding=\u00bb24px|0px|0|0px|false|false\u00bb _builder_version=\u00bb3.9&#8243;][et_pb_column type=\u00bb4_4&#8243; _builder_version=\u00bb3.9&#8243; parallax=\u00bboff\u00bb parallax_method=\u00bbon\u00bb][et_pb_divider color=\u00bb#e02b20&#8243; divider_style=\u00bbdotted\u00bb divider_position=\u00bbcenter\u00bb divider_weight=\u00bb1px\u00bb height=\u00bb0px\u00bb _builder_version=\u00bb3.12.2&#8243;][\/et_pb_divider][\/et_pb_column][\/et_pb_row][et_pb_row make_fullwidth=\u00bbon\u00bb custom_padding=\u00bb50px|0px|0|0px|false|false\u00bb _builder_version=\u00bb3.9&#8243;][et_pb_column type=\u00bb1_2&#8243; _builder_version=\u00bb3.9&#8243; parallax=\u00bboff\u00bb parallax_method=\u00bbon\u00bb][et_pb_image src=\u00bbhttp:\/\/stilobertoia.com\/wp-content\/uploads\/2018\/08\/piedra-lavada-1.png\u00bb _builder_version=\u00bb3.12.2&#8243; max_width=\u00bb57%\u00bb module_alignment=\u00bbcenter\u00bb][\/et_pb_image][et_pb_text _builder_version=\u00bb3.12.2&#8243; header_font=\u00bb||||||||\u00bb header_2_font=\u00bb|700|||||||\u00bb header_2_text_color=\u00bb#ffffff\u00bb background_color=\u00bb#c11b1b\u00bb max_width=\u00bb57%\u00bb module_alignment=\u00bbcenter\u00bb custom_padding=\u00bb10px|||\u00bb]<\/p>\n<h2 style=\"text-align: center;\">Piedra Lavada<\/h2>\n<p>[\/et_pb_text][\/et_pb_column][et_pb_column type=\u00bb1_2&#8243; _builder_version=\u00bb3.9&#8243; parallax=\u00bboff\u00bb parallax_method=\u00bbon\u00bb][et_pb_text _builder_version=\u00bb3.12.2&#8243; text_font=\u00bb|600|||||||\u00bb text_font_size=\u00bb18px\u00bb text_line_height=\u00bb1.5em\u00bb]<\/p>\n<p>Mosaico producido a molde con Piedras de distintos colores y tama\u00f1o. Adem\u00e1s de su gran belleza que conlleva por la particularidad de exponer las piedras al exterior, es resistente de alto transito.<\/p>\n<h5><\/h5>\n<h5><\/h5>\n<h5>Espesor: 3.5 cm<\/h5>\n<h5>Dimensiones: 40&#215;40 \/ 60&#215;40<\/h5>\n<p>[\/et_pb_text][et_pb_gallery gallery_ids=\u00bb149,189,169&#8243; posts_number=\u00bb2&#8243; show_title_and_caption=\u00bboff\u00bb zoom_icon_color=\u00bb#E09900&#8243; hover_overlay_color=\u00bbrgba(255,255,255,0.61)\u00bb hover_icon=\u00bb%%51%%\u00bb _builder_version=\u00bb3.12.2&#8243; pagination_font=\u00bb||||||||\u00bb pagination_text_color=\u00bb#E09900&#8243;][\/et_pb_gallery][\/et_pb_column][\/et_pb_row][et_pb_row custom_padding=\u00bb24px|0px|0|0px|false|false\u00bb _builder_version=\u00bb3.9&#8243;][et_pb_column type=\u00bb4_4&#8243; _builder_version=\u00bb3.9&#8243; parallax=\u00bboff\u00bb parallax_method=\u00bbon\u00bb][et_pb_divider color=\u00bb#e02b20&#8243; divider_style=\u00bbdotted\u00bb divider_position=\u00bbcenter\u00bb divider_weight=\u00bb1px\u00bb height=\u00bb0px\u00bb _builder_version=\u00bb3.12.2&#8243;][\/et_pb_divider][\/et_pb_column][\/et_pb_row][et_pb_row make_fullwidth=\u00bbon\u00bb custom_padding=\u00bb50px|0px|0|0px|false|false\u00bb _builder_version=\u00bb3.9&#8243;][et_pb_column type=\u00bb1_2&#8243; _builder_version=\u00bb3.9&#8243; parallax=\u00bboff\u00bb parallax_method=\u00bbon\u00bb][et_pb_image src=\u00bbhttp:\/\/stilobertoia.com\/wp-content\/uploads\/2018\/08\/accesibilidad-2-copia.png\u00bb _builder_version=\u00bb3.12.2&#8243; max_width=\u00bb57%\u00bb module_alignment=\u00bbcenter\u00bb][\/et_pb_image][et_pb_text _builder_version=\u00bb3.12.2&#8243; header_font=\u00bb||||||||\u00bb header_2_font=\u00bb|700|||||||\u00bb header_2_text_color=\u00bb#ffffff\u00bb background_color=\u00bb#c11b1b\u00bb max_width=\u00bb57%\u00bb module_alignment=\u00bbcenter\u00bb custom_padding=\u00bb10px|||\u00bb]<\/p>\n<h2 style=\"text-align: center;\">Baldosas de Accesibilidad<\/h2>\n<p>[\/et_pb_text][\/et_pb_column][et_pb_column type=\u00bb1_2&#8243; _builder_version=\u00bb3.9&#8243; parallax=\u00bboff\u00bb parallax_method=\u00bbon\u00bb][et_pb_text _builder_version=\u00bb3.12.2&#8243; text_font=\u00bb|600|||||||\u00bb text_font_size=\u00bb18px\u00bb text_line_height=\u00bb1.5em\u00bb]<\/p>\n<p>Mosaicos prensados con cemento de primera calidad, disponibles en diversos colores y con su forma especializada para accesibilidad peatonal como: Gu\u00eda\/ Alerta\/ Rampa<\/p>\n<h5><\/h5>\n<h5><\/h5>\n<h5>Espesor: 3.5 cm<\/h5>\n<h5>Dimensiones: 40&#215;40\u00a0 \/ 20&#215;20<\/h5>\n<p>[\/et_pb_text][et_pb_gallery gallery_ids=\u00bb153,151&#8243; posts_number=\u00bb2&#8243; show_title_and_caption=\u00bboff\u00bb zoom_icon_color=\u00bb#E09900&#8243; hover_overlay_color=\u00bbrgba(255,255,255,0.61)\u00bb hover_icon=\u00bb%%51%%\u00bb _builder_version=\u00bb3.12.2&#8243; pagination_font=\u00bb||||||||\u00bb pagination_text_color=\u00bb#E09900&#8243;][\/et_pb_gallery][\/et_pb_column][\/et_pb_row][et_pb_row custom_padding=\u00bb24px|0px|0|0px|false|false\u00bb _builder_version=\u00bb3.9&#8243;][et_pb_column type=\u00bb4_4&#8243; _builder_version=\u00bb3.9&#8243; parallax=\u00bboff\u00bb parallax_method=\u00bbon\u00bb][et_pb_divider color=\u00bb#e02b20&#8243; divider_style=\u00bbdotted\u00bb divider_position=\u00bbcenter\u00bb divider_weight=\u00bb1px\u00bb height=\u00bb0px\u00bb _builder_version=\u00bb3.12.2&#8243;][\/et_pb_divider][\/et_pb_column][\/et_pb_row][et_pb_row make_fullwidth=\u00bbon\u00bb custom_padding=\u00bb50px|0px|23px|0px|false|false\u00bb _builder_version=\u00bb3.9&#8243;][et_pb_column type=\u00bb1_2&#8243; _builder_version=\u00bb3.9&#8243; parallax=\u00bboff\u00bb parallax_method=\u00bbon\u00bb][et_pb_image src=\u00bbhttp:\/\/stilobertoia.com\/wp-content\/uploads\/2018\/08\/jardin1.jpg\u00bb _builder_version=\u00bb3.12.2&#8243; max_width=\u00bb57%\u00bb module_alignment=\u00bbcenter\u00bb][\/et_pb_image][et_pb_text _builder_version=\u00bb3.16&#8243; header_font=\u00bb||||||||\u00bb header_2_font=\u00bb|700|||||||\u00bb header_2_text_color=\u00bb#ffffff\u00bb background_color=\u00bb#c11b1b\u00bb max_width=\u00bb57%\u00bb module_alignment=\u00bbcenter\u00bb custom_padding=\u00bb10px|||\u00bb]<\/p>\n<h2 style=\"text-align: center;\">Baldosas de Jard\u00edn<\/h2>\n<p>[\/et_pb_text][\/et_pb_column][et_pb_column type=\u00bb1_2&#8243; _builder_version=\u00bb3.9&#8243; parallax=\u00bboff\u00bb parallax_method=\u00bbon\u00bb][et_pb_text _builder_version=\u00bb3.16&#8243; text_font=\u00bb|600|||||||\u00bb text_font_size=\u00bb18px\u00bb text_line_height=\u00bb1.5em\u00bb]<\/p>\n<p><strong>Baldosas de jard\u00edn:<\/strong> Bloques de cemento producidos con cemento de primera calidad lo cual nos ofrece una gran durabilidad y resistencia. Posee\u00a0 un dise\u00f1o moderno adem\u00e1s de la practicidad a la hora de su colocaci\u00f3n.<\/p>\n<p>&nbsp;<\/p>\n<h5>Espesor: 6 cm<\/h5>\n<h5>Dimensiones: 35&#215;35 \/ 60&#215;40<\/h5>\n<p>[\/et_pb_text][\/et_pb_column][\/et_pb_row][et_pb_row custom_padding=\u00bb24px|0px|0|0px|false|false\u00bb _builder_version=\u00bb3.9&#8243;][et_pb_column type=\u00bb4_4&#8243; _builder_version=\u00bb3.9&#8243; parallax=\u00bboff\u00bb parallax_method=\u00bbon\u00bb][et_pb_divider color=\u00bb#e02b20&#8243; divider_style=\u00bbdotted\u00bb divider_position=\u00bbcenter\u00bb divider_weight=\u00bb1px\u00bb height=\u00bb0px\u00bb _builder_version=\u00bb3.12.2&#8243;][\/et_pb_divider][\/et_pb_column][\/et_pb_row][et_pb_row make_fullwidth=\u00bbon\u00bb custom_padding=\u00bb50px|0px|0|0px|false|false\u00bb _builder_version=\u00bb3.9&#8243;][et_pb_column type=\u00bb1_2&#8243; _builder_version=\u00bb3.9&#8243; parallax=\u00bboff\u00bb parallax_method=\u00bbon\u00bb][et_pb_image src=\u00bbhttp:\/\/stilobertoia.com\/wp-content\/uploads\/2018\/08\/atermica1-1.jpg\u00bb _builder_version=\u00bb3.16&#8243; max_width=\u00bb57%\u00bb module_alignment=\u00bbcenter\u00bb][\/et_pb_image][et_pb_text _builder_version=\u00bb3.16&#8243; header_font=\u00bb||||||||\u00bb header_2_font=\u00bb|700|||||||\u00bb header_2_text_color=\u00bb#ffffff\u00bb background_color=\u00bb#c11b1b\u00bb max_width=\u00bb57%\u00bb module_alignment=\u00bbcenter\u00bb custom_padding=\u00bb10px|||\u00bb]<\/p>\n<h2 style=\"text-align: center;\">Baldosas at\u00e9rmincas<\/h2>\n<p>[\/et_pb_text][\/et_pb_column][et_pb_column type=\u00bb1_2&#8243; _builder_version=\u00bb3.9&#8243; parallax=\u00bboff\u00bb parallax_method=\u00bbon\u00bb][et_pb_text _builder_version=\u00bb3.16&#8243; text_font=\u00bb|600|||||||\u00bb text_font_size=\u00bb18px\u00bb text_line_height=\u00bb1.5em\u00bb]<\/p>\n<p><strong>Baldosas at\u00e9rmicas:<\/strong> Mosaicos producidos a molde con variedad de formas y disponible en colores: Blanco y Beige.<\/p>\n<p>Prensadas con cemento de alta calidad. Posee cualidades at\u00e9rmicas y antideslizantes, estos productos son especialmente recomendados para piscinas, sol\u00e1rium y superficies expuestas a altas temperaturas.<\/p>\n<h5><\/h5>\n<h5><\/h5>\n<h5>Espesor: 6 cm<\/h5>\n<h5>Dimensiones: 35&#215;35 \/ 60&#215;40<\/h5>\n<p>[\/et_pb_text][\/et_pb_column][\/et_pb_row][et_pb_row custom_padding=\u00bb24px|0px|0|0px|false|false\u00bb _builder_version=\u00bb3.9&#8243;][et_pb_column type=\u00bb4_4&#8243; _builder_version=\u00bb3.9&#8243; parallax=\u00bboff\u00bb parallax_method=\u00bbon\u00bb][et_pb_divider color=\u00bb#e02b20&#8243; divider_style=\u00bbdotted\u00bb divider_position=\u00bbcenter\u00bb divider_weight=\u00bb1px\u00bb height=\u00bb0px\u00bb _builder_version=\u00bb3.12.2&#8243;][\/et_pb_divider][\/et_pb_column][\/et_pb_row][et_pb_row make_fullwidth=\u00bbon\u00bb custom_padding=\u00bb50px|0px|50px|0px|false|false\u00bb _builder_version=\u00bb3.9&#8243;][et_pb_column type=\u00bb1_2&#8243; _builder_version=\u00bb3.9&#8243; parallax=\u00bboff\u00bb parallax_method=\u00bbon\u00bb][et_pb_image src=\u00bbhttp:\/\/stilobertoia.com\/wp-content\/uploads\/2018\/08\/foto2.jpg\u00bb _builder_version=\u00bb3.12.2&#8243; max_width=\u00bb57%\u00bb module_alignment=\u00bbcenter\u00bb][\/et_pb_image][et_pb_image _builder_version=\u00bb3.12.2&#8243; max_width=\u00bb57%\u00bb module_alignment=\u00bbcenter\u00bb][\/et_pb_image][et_pb_text _builder_version=\u00bb3.12.2&#8243; header_font=\u00bb||||||||\u00bb header_2_font=\u00bb|700|||||||\u00bb header_2_text_color=\u00bb#ffffff\u00bb background_color=\u00bb#c11b1b\u00bb max_width=\u00bb57%\u00bb module_alignment=\u00bbcenter\u00bb custom_padding=\u00bb10px|||\u00bb]<\/p>\n<h2 style=\"text-align: center;\">Otros Productos<\/h2>\n<p>[\/et_pb_text][\/et_pb_column][et_pb_column type=\u00bb1_2&#8243; _builder_version=\u00bb3.9&#8243; parallax=\u00bboff\u00bb parallax_method=\u00bbon\u00bb][et_pb_text _builder_version=\u00bb3.12.2&#8243; text_font=\u00bb|600|||||||\u00bb text_font_size=\u00bb18px\u00bb text_line_height=\u00bb1.5em\u00bb]<\/p>\n<p>Acido: 1 Litro<\/p>\n<p>Pastina: Es un producto elaborado para la junta de los mosaicos.<\/p>\n<p>LajaMax Hidrolaqueado: Revividor y protector para los mosaicos.<\/p>\n<h5><\/h5>\n<h5><\/h5>\n<h5>Disponible en 1 litro y 4 litros<\/h5>\n<p>[\/et_pb_text][et_pb_gallery gallery_ids=\u00bb198,195&#8243; posts_number=\u00bb2&#8243; show_title_and_caption=\u00bboff\u00bb zoom_icon_color=\u00bb#E09900&#8243; hover_overlay_color=\u00bbrgba(255,255,255,0.61)\u00bb hover_icon=\u00bb%%51%%\u00bb _builder_version=\u00bb3.12.2&#8243; pagination_font=\u00bb||||||||\u00bb pagination_text_color=\u00bb#E09900&#8243;][\/et_pb_gallery][\/et_pb_column][\/et_pb_row][\/et_pb_section]<\/p>\n","protected":false},"excerpt":{"rendered":"<p>PRODUCTOS Baldosas Rusticas Mosaicos producidos con variedad de formas y colores, con un acabado Rustico. Prensadas con cemento de alta calidad con lo que permite un soporte de alto transito desde autos hasta camiones. Espesor: 3.5 cm Dimensiones: 40&#215;40 \/ 60&#215;40 \/ 30&#215;30 \/ 25&#215;25 \/ 20&#215;20 &nbsp;Baldosas Graniticas Mosaicos producidos a molde con variedad [&hellip;]<\/p>\n","protected":false},"author":1,"featured_media":0,"parent":0,"menu_order":0,"comment_status":"closed","ping_status":"closed","template":"","meta":{"_et_pb_use_builder":"on","_et_pb_old_content":"","_et_gb_content_width":"","footnotes":""},"class_list":["post-13","page","type-page","status-publish","hentry"],"yoast_head":"<!-- This site is optimized with the Yoast SEO plugin v24.2 - https:\/\/yoast.com\/wordpress\/plugins\/seo\/ -->\n<title>Productos - Stilo Bertoia<\/title>\n<meta name=\"robots\" content=\"index, follow, max-snippet:-1, max-image-preview:large, max-video-preview:-1\" \/>\n<link rel=\"canonical\" href=\"https:\/\/stilobertoia.com\/index.php\/productos\/\" \/>\n<meta property=\"og:locale\" content=\"es_ES\" \/>\n<meta property=\"og:type\" content=\"article\" \/>\n<meta property=\"og:title\" content=\"Productos - Stilo Bertoia\" \/>\n<meta property=\"og:description\" content=\"PRODUCTOS Baldosas Rusticas Mosaicos producidos con variedad de formas y colores, con un acabado Rustico. Prensadas con cemento de alta calidad con lo que permite un soporte de alto transito desde autos hasta camiones. Espesor: 3.5 cm Dimensiones: 40x40 \/ 60x40 \/ 30x30 \/ 25x25 \/ 20x20 &nbsp;Baldosas Graniticas Mosaicos producidos a molde con variedad [&hellip;]\" \/>\n<meta property=\"og:url\" content=\"https:\/\/stilobertoia.com\/index.php\/productos\/\" \/>\n<meta property=\"og:site_name\" content=\"Stilo Bertoia\" \/>\n<meta property=\"article:modified_time\" content=\"2018-10-09T22:13:39+00:00\" \/>\n<meta name=\"twitter:card\" content=\"summary_large_image\" \/>\n<meta name=\"twitter:label1\" content=\"Tiempo de lectura\" \/>\n\t<meta name=\"twitter:data1\" content=\"10 minutos\" \/>\n<script type=\"application\/ld+json\" class=\"yoast-schema-graph\">{\"@context\":\"https:\/\/schema.org\",\"@graph\":[{\"@type\":\"WebPage\",\"@id\":\"https:\/\/stilobertoia.com\/index.php\/productos\/\",\"url\":\"https:\/\/stilobertoia.com\/index.php\/productos\/\",\"name\":\"Productos - Stilo Bertoia\",\"isPartOf\":{\"@id\":\"https:\/\/stilobertoia.com\/#website\"},\"datePublished\":\"2018-08-17T16:38:57+00:00\",\"dateModified\":\"2018-10-09T22:13:39+00:00\",\"breadcrumb\":{\"@id\":\"https:\/\/stilobertoia.com\/index.php\/productos\/#breadcrumb\"},\"inLanguage\":\"es\",\"potentialAction\":[{\"@type\":\"ReadAction\",\"target\":[\"https:\/\/stilobertoia.com\/index.php\/productos\/\"]}]},{\"@type\":\"BreadcrumbList\",\"@id\":\"https:\/\/stilobertoia.com\/index.php\/productos\/#breadcrumb\",\"itemListElement\":[{\"@type\":\"ListItem\",\"position\":1,\"name\":\"Portada\",\"item\":\"https:\/\/stilobertoia.com\/\"},{\"@type\":\"ListItem\",\"position\":2,\"name\":\"Productos\"}]},{\"@type\":\"WebSite\",\"@id\":\"https:\/\/stilobertoia.com\/#website\",\"url\":\"https:\/\/stilobertoia.com\/\",\"name\":\"Stilo Bertoia\",\"description\":\"Venta de ceramicas\",\"potentialAction\":[{\"@type\":\"SearchAction\",\"target\":{\"@type\":\"EntryPoint\",\"urlTemplate\":\"https:\/\/stilobertoia.com\/?s={search_term_string}\"},\"query-input\":{\"@type\":\"PropertyValueSpecification\",\"valueRequired\":true,\"valueName\":\"search_term_string\"}}],\"inLanguage\":\"es\"}]}<\/script>\n<!-- \/ Yoast SEO plugin. -->","yoast_head_json":{"title":"Productos - Stilo Bertoia","robots":{"index":"index","follow":"follow","max-snippet":"max-snippet:-1","max-image-preview":"max-image-preview:large","max-video-preview":"max-video-preview:-1"},"canonical":"https:\/\/stilobertoia.com\/index.php\/productos\/","og_locale":"es_ES","og_type":"article","og_title":"Productos - Stilo Bertoia","og_description":"PRODUCTOS Baldosas Rusticas Mosaicos producidos con variedad de formas y colores, con un acabado Rustico. Prensadas con cemento de alta calidad con lo que permite un soporte de alto transito desde autos hasta camiones. Espesor: 3.5 cm Dimensiones: 40x40 \/ 60x40 \/ 30x30 \/ 25x25 \/ 20x20 &nbsp;Baldosas Graniticas Mosaicos producidos a molde con variedad [&hellip;]","og_url":"https:\/\/stilobertoia.com\/index.php\/productos\/","og_site_name":"Stilo Bertoia","article_modified_time":"2018-10-09T22:13:39+00:00","twitter_card":"summary_large_image","twitter_misc":{"Tiempo de lectura":"10 minutos"},"schema":{"@context":"https:\/\/schema.org","@graph":[{"@type":"WebPage","@id":"https:\/\/stilobertoia.com\/index.php\/productos\/","url":"https:\/\/stilobertoia.com\/index.php\/productos\/","name":"Productos - Stilo Bertoia","isPartOf":{"@id":"https:\/\/stilobertoia.com\/#website"},"datePublished":"2018-08-17T16:38:57+00:00","dateModified":"2018-10-09T22:13:39+00:00","breadcrumb":{"@id":"https:\/\/stilobertoia.com\/index.php\/productos\/#breadcrumb"},"inLanguage":"es","potentialAction":[{"@type":"ReadAction","target":["https:\/\/stilobertoia.com\/index.php\/productos\/"]}]},{"@type":"BreadcrumbList","@id":"https:\/\/stilobertoia.com\/index.php\/productos\/#breadcrumb","itemListElement":[{"@type":"ListItem","position":1,"name":"Portada","item":"https:\/\/stilobertoia.com\/"},{"@type":"ListItem","position":2,"name":"Productos"}]},{"@type":"WebSite","@id":"https:\/\/stilobertoia.com\/#website","url":"https:\/\/stilobertoia.com\/","name":"Stilo Bertoia","description":"Venta de ceramicas","potentialAction":[{"@type":"SearchAction","target":{"@type":"EntryPoint","urlTemplate":"https:\/\/stilobertoia.com\/?s={search_term_string}"},"query-input":{"@type":"PropertyValueSpecification","valueRequired":true,"valueName":"search_term_string"}}],"inLanguage":"es"}]}},"_links":{"self":[{"href":"https:\/\/stilobertoia.com\/index.php\/wp-json\/wp\/v2\/pages\/13","targetHints":{"allow":["GET"]}}],"collection":[{"href":"https:\/\/stilobertoia.com\/index.php\/wp-json\/wp\/v2\/pages"}],"about":[{"href":"https:\/\/stilobertoia.com\/index.php\/wp-json\/wp\/v2\/types\/page"}],"author":[{"embeddable":true,"href":"https:\/\/stilobertoia.com\/index.php\/wp-json\/wp\/v2\/users\/1"}],"replies":[{"embeddable":true,"href":"https:\/\/stilobertoia.com\/index.php\/wp-json\/wp\/v2\/comments?post=13"}],"version-history":[{"count":38,"href":"https:\/\/stilobertoia.com\/index.php\/wp-json\/wp\/v2\/pages\/13\/revisions"}],"predecessor-version":[{"id":255,"href":"https:\/\/stilobertoia.com\/index.php\/wp-json\/wp\/v2\/pages\/13\/revisions\/255"}],"wp:attachment":[{"href":"https:\/\/stilobertoia.com\/index.php\/wp-json\/wp\/v2\/media?parent=13"}],"curies":[{"name":"wp","href":"https:\/\/api.w.org\/{rel}","templated":true}]}}